{"id":3087,"date":"2012-08-27T07:41:35","date_gmt":"2012-08-27T07:41:35","guid":{"rendered":"http:\/\/setursa2.fbgstudio.com\/contactar\/"},"modified":"2021-10-28T20:38:15","modified_gmt":"2021-10-28T20:38:15","slug":"prise-de-contact","status":"publish","type":"page","link":"https:\/\/setursa.com\/fr\/prise-de-contact\/","title":{"rendered":"Prise de contact"},"content":{"rendered":"<p><div class=\"fusion-fullwidth fullwidth-box fusion-builder-row-1 nonhundred-percent-fullwidth non-hundred-percent-height-scrolling\" style=\"--awb-border-radius-top-left:0px;--awb-border-radius-top-right:0px;--awb-border-radius-bottom-right:0px;--awb-border-radius-bottom-left:0px;--awb-flex-wrap:wrap;\" ><div class=\"fusion-builder-row fusion-row\"><div class=\"fusion-layout-column fusion_builder_column fusion-builder-column-0 fusion_builder_column_1_1 1_1 fusion-one-full fusion-column-first fusion-column-last\" style=\"--awb-bg-size:cover;\"><div class=\"fusion-column-wrapper fusion-column-has-shadow fusion-flex-column-wrapper-legacy\"><div class=\"fusion-text fusion-text-1\"><p>Si vous avez besoin d\u2019information, conseil, ou service concernant un investissement immobilier sur la Costa del Sol, veuillez remplir le formulaire suivant et nous vous renseignerons le plus t\u00f4t possible. Merci.<\/p>\n<div id=\"et-contact\">\n<div id=\"wpcf7-f109-p3087-o1\" class=\"wpcf7\" dir=\"ltr\" lang=\"en-US\" role=\"form\">\n<div class=\"screen-reader-response\"><\/div>\n<form class=\"wpcf7-form\" action=\"https:\/\/setursa.com\/fr\/contactar\/#wpcf7-f109-p3087-o1\" method=\"post\" novalidate=\"novalidate\"><\/form>\n<\/div>\n<\/div>\n<\/div><div class=\"fusion-clearfix\"><\/div><\/div><\/div><\/div><\/div><div class=\"fusion-fullwidth fullwidth-box fusion-builder-row-2 nonhundred-percent-fullwidth non-hundred-percent-height-scrolling\" style=\"--awb-border-radius-top-left:0px;--awb-border-radius-top-right:0px;--awb-border-radius-bottom-right:0px;--awb-border-radius-bottom-left:0px;--awb-padding-top:50px;--awb-padding-bottom:25px;--awb-background-color:#01679e;--awb-flex-wrap:wrap;\" ><div class=\"fusion-builder-row fusion-row\"><div class=\"fusion-layout-column fusion_builder_column fusion-builder-column-1 fusion_builder_column_1_5 1_5 fusion-one-fifth fusion-column-first\" style=\"--awb-bg-size:cover;width:20%;width:calc(20% - ( ( 4% + 4% ) * 0.2 ) );margin-right: 4%;\"><div class=\"fusion-column-wrapper fusion-column-has-shadow fusion-flex-column-wrapper-legacy\"><div class=\"fusion-clearfix\"><\/div><\/div><\/div><div class=\"fusion-layout-column fusion_builder_column fusion-builder-column-2 fusion_builder_column_3_5 3_5 fusion-three-fifth\" style=\"--awb-bg-size:cover;width:60%;width:calc(60% - ( ( 4% + 4% ) * 0.6 ) );margin-right: 4%;\"><div class=\"fusion-column-wrapper fusion-column-has-shadow fusion-flex-column-wrapper-legacy\">\n<div class=\"wpcf7 no-js\" id=\"wpcf7-f109-o1\" lang=\"en-US\" dir=\"ltr\" data-wpcf7-id=\"109\">\n<div class=\"screen-reader-response\"><p role=\"status\" aria-live=\"polite\" aria-atomic=\"true\"><\/p> <ul><\/ul><\/div>\n<form action=\"\/fr\/wp-json\/wp\/v2\/pages\/3087#wpcf7-f109-o1\" method=\"post\" class=\"wpcf7-form init\" aria-label=\"Contact form\" novalidate=\"novalidate\" data-status=\"init\">\n<fieldset class=\"hidden-fields-container\"><input type=\"hidden\" name=\"_wpcf7\" value=\"109\" \/><input type=\"hidden\" name=\"_wpcf7_version\" value=\"6.1.5\" \/><input type=\"hidden\" name=\"_wpcf7_locale\" value=\"en_US\" \/><input type=\"hidden\" name=\"_wpcf7_unit_tag\" value=\"wpcf7-f109-o1\" \/><input type=\"hidden\" name=\"_wpcf7_container_post\" value=\"0\" \/><input type=\"hidden\" name=\"_wpcf7_posted_data_hash\" value=\"\" \/><input type=\"hidden\" name=\"_wpcf7_recaptcha_response\" value=\"\" \/>\n<\/fieldset>\n<p><span style=\"color: #ffffff;\">Nombre \/ name \/ nom: <\/span>\n<\/p>\n<p><span class=\"wpcf7-form-control-wrap\" data-name=\"nombre-ape\"><input size=\"20\" maxlength=\"400\" class=\"wpcf7-form-control wpcf7-text\" aria-invalid=\"false\" value=\"\" type=\"text\" name=\"nombre-ape\" \/><\/span>\n<\/p>\n<p><span style=\"color: #ffffff;\">Email: <\/span>\n<\/p>\n<p><span class=\"wpcf7-form-control-wrap\" data-name=\"e-mail\"><input size=\"40\" maxlength=\"400\" class=\"wpcf7-form-control wpcf7-text\" aria-invalid=\"false\" value=\"\" type=\"text\" name=\"e-mail\" \/><\/span>\n<\/p>\n<p><span style=\"color: #ffffff;\">Tel&eacute;fono \/ telephone \/<br \/>\nt\u00e9l\u00e9phone: <\/span>\n<\/p>\n<p><span class=\"wpcf7-form-control-wrap\" data-name=\"telefono\"><input size=\"40\" maxlength=\"400\" class=\"wpcf7-form-control wpcf7-text\" aria-invalid=\"false\" value=\"\" type=\"text\" name=\"telefono\" \/><\/span>\n<\/p>\n<p><span style=\"color: #ffffff;\">Su consulta \/ your query \/<br \/>\nvotre demande: <\/span>\n<\/p>\n<p><span class=\"wpcf7-form-control-wrap\" data-name=\"consulta\"><textarea cols=\"40\" rows=\"10\" maxlength=\"2000\" class=\"wpcf7-form-control wpcf7-textarea\" aria-invalid=\"false\" name=\"consulta\"><\/textarea><\/span>\n<\/p>\n<p><span style=\"color: #ffffff;\"><span class=\"wpcf7-form-control-wrap\" data-name=\"privacidad\"><span class=\"wpcf7-form-control wpcf7-acceptance\"><span class=\"wpcf7-list-item\"><input type=\"checkbox\" name=\"privacidad\" value=\"1\" aria-invalid=\"false\" \/><\/span><\/span><\/span> He le\u00eddo y acepto la <a href=\"https:\/\/setursa.com\/wp-content\/uploads\/POLITICA_DE_PRIVACIDAD.pdf\" target=\"_blank\" rel=\"noopener\">Pol\u00edtica de privacidad<\/a><\/span>\n<\/p>\n\n<p><input class=\"wpcf7-form-control wpcf7-submit has-spinner\" type=\"submit\" value=\"Send\" \/>\n<\/p><div class=\"fusion-alert alert custom alert-custom fusion-alert-center wpcf7-response-output fusion-alert-capitalize awb-alert-native-link-color alert-dismissable awb-alert-close-boxed\" style=\"--awb-border-top-left-radius:0px;--awb-border-top-right-radius:0px;--awb-border-bottom-left-radius:0px;--awb-border-bottom-right-radius:0px;\" role=\"alert\"><div class=\"fusion-alert-content-wrapper\"><span class=\"fusion-alert-content\"><\/span><\/div><button type=\"button\" class=\"close toggle-alert\" data-dismiss=\"alert\" aria-label=\"Close\">&times;<\/button><\/div>\n<\/form>\n<\/div>\n<div class=\"fusion-clearfix\"><\/div><\/div><\/div><div class=\"fusion-layout-column fusion_builder_column fusion-builder-column-3 fusion_builder_column_1_5 1_5 fusion-one-fifth fusion-column-last\" style=\"--awb-bg-size:cover;width:20%;width:calc(20% - ( ( 4% + 4% ) * 0.2 ) );\"><div class=\"fusion-column-wrapper fusion-column-has-shadow fusion-flex-column-wrapper-legacy\"><div class=\"fusion-clearfix\"><\/div><\/div><\/div><\/div><\/div>\n<div class=\"fusion-fullwidth fullwidth-box fusion-builder-row-3 nonhundred-percent-fullwidth non-hundred-percent-height-scrolling\" style=\"--awb-border-radius-top-left:0px;--awb-border-radius-top-right:0px;--awb-border-radius-bottom-right:0px;--awb-border-radius-bottom-left:0px;--awb-padding-top:50px;--awb-padding-bottom:50px;--awb-flex-wrap:wrap;\" ><div class=\"fusion-builder-row fusion-row\"><div class=\"fusion-layout-column fusion_builder_column fusion-builder-column-4 fusion_builder_column_1_1 1_1 fusion-one-full fusion-column-first fusion-column-last\" style=\"--awb-bg-size:cover;--awb-margin-bottom:0px;\"><div class=\"fusion-column-wrapper fusion-flex-column-wrapper-legacy\"><div class=\"fusion-text fusion-text-2\"><p>Conform\u00e9ment \u00e0 la Loi Organique 15\/1999 du 13 d\u00e9cembre, sur la Protection des Coordonn\u00e9es Personnelles (LOPD), SETURSA vous informe de l\u2019existence d\u2019un fichier dans lequel seront inscrites les donn\u00e9es n\u00e9cessaires pour informer ou rendre service aux clients qui le demandent.<\/p>\n<p>Le titulaire pourra exercer les droits reconnus dans la LOPD su ce fichier et, en particulier, ceux d\u2019acc\u00e8s, rectification ou annulation des donn\u00e9es et opposition, s\u2019il l\u2019estime convenable dans les termes pr\u00e9vus dans la LOPD. Les clients peuvent r\u00e9aliser ces d\u00e9marches en adressant une demande.<\/p>\n<div>\n<h3 style=\"text-align: center;\">SETURSA-PLAYAMAR<\/h3>\n<p style=\"text-align: center;\">Centro Comercial Benyamina, n\u00ba 5<br \/>\nPso del Colorado 13<br \/>\n29620 Torremolinos<\/p>\n<p style=\"text-align: center;\"><strong>Tel\/Fax:<\/strong> +34 952 38 09 22<br \/>\n<strong>T.M\u00f3vil:<\/strong> +34 647 65 44 41<\/p>\n<p style=\"text-align: center;\"><strong>e-mail:<\/strong> <a title=\"email\" href=\"mailto:setursa@gimilio.com\" target=\"_blank\" rel=\"noopener noreferrer\">setursa@gimilio.com<\/a><\/p>\n<p><a href=\"http:\/\/www.facebook.com\/SetursaPlayamar\" target=\"_blank\" rel=\"noopener noreferrer\"><img decoding=\"async\" class=\"alignnone wp-image-760 aligncenter\" title=\"Facebook\" src=\"https:\/\/www.setursa.com\/wp-content\/uploads\/f_logo.png\" alt=\"\" width=\"35\" height=\"35\" \/><\/a><\/p>\n<\/div>\n<p><!--:--><!--:en--><\/p>\n<p><!--:--><\/p>\n<\/div><div class=\"fusion-clearfix\"><\/div><\/div><\/div><\/div><\/div><div class=\"fusion-fullwidth fullwidth-box fusion-builder-row-4 hundred-percent-fullwidth non-hundred-percent-height-scrolling\" style=\"--awb-border-radius-top-left:0px;--awb-border-radius-top-right:0px;--awb-border-radius-bottom-right:0px;--awb-border-radius-bottom-left:0px;--awb-padding-top:0px;--awb-padding-right:0px;--awb-padding-bottom:0px;--awb-padding-left:0px;--awb-margin-top:0px;--awb-margin-bottom:0px;--awb-flex-wrap:wrap;\" ><div class=\"fusion-builder-row fusion-row\"><div class=\"fusion-layout-column fusion_builder_column fusion-builder-column-5 fusion_builder_column_1_1 1_1 fusion-one-full fusion-column-first fusion-column-last\" style=\"--awb-bg-size:cover;\"><div class=\"fusion-column-wrapper fusion-column-has-shadow fusion-flex-column-wrapper-legacy\"><div class=\"map-responsive\"><iframe class=\"fusion-hidden\" data-privacy-type=\"gmaps\" src=\"\" data-privacy-src=\"https:\/\/www.google.com\/maps\/embed?pb=!1m18!1m12!1m3!1d3201.798194262096!2d-4.495730683797513!3d36.631243979983616!2m3!1f0!2f0!3f0!3m2!1i1024!2i768!4f13.1!3m3!1m2!1s0xd72fbe99c15e101%3A0xabdd35e0f5b2cfd7!2sInmobiliaria+Real+Estate+Setursa+Playamar!5e0!3m2!1ses!2ses!4v1562750175864!5m2!1ses!2ses\" width=\"2000\" height=\"500\" frameborder=\"0\" style=\"border:0\" allowfullscreen><\/iframe><div class=\"fusion-privacy-placeholder\" style=\"width:2000px; height:500px;\" data-privacy-type=\"gmaps\"><div class=\"fusion-privacy-placeholder-content\"><div class=\"fusion-privacy-label\">For privacy reasons Google Maps needs your permission to be loaded.<\/div><button data-privacy-type=\"gmaps\" class=\"fusion-button button-default fusion-button-default-size button fusion-privacy-consent\">I Accept<\/button><\/div><\/div><\/div><div class=\"fusion-clearfix\"><\/div><\/div><\/div><\/div><\/div>\n<\/p>\n","protected":false},"excerpt":{"rendered":"","protected":false},"author":1,"featured_media":0,"parent":0,"menu_order":0,"comment_status":"open","ping_status":"open","template":"100-width.php","meta":{"_acf_changed":false,"footnotes":""},"class_list":["post-3087","page","type-page","status-publish","hentry"],"acf":[],"aioseo_notices":[],"_links":{"self":[{"href":"https:\/\/setursa.com\/fr\/wp-json\/wp\/v2\/pages\/3087","targetHints":{"allow":["GET"]}}],"collection":[{"href":"https:\/\/setursa.com\/fr\/wp-json\/wp\/v2\/pages"}],"about":[{"href":"https:\/\/setursa.com\/fr\/wp-json\/wp\/v2\/types\/page"}],"author":[{"embeddable":true,"href":"https:\/\/setursa.com\/fr\/wp-json\/wp\/v2\/users\/1"}],"replies":[{"embeddable":true,"href":"https:\/\/setursa.com\/fr\/wp-json\/wp\/v2\/comments?post=3087"}],"version-history":[{"count":8,"href":"https:\/\/setursa.com\/fr\/wp-json\/wp\/v2\/pages\/3087\/revisions"}],"predecessor-version":[{"id":9930,"href":"https:\/\/setursa.com\/fr\/wp-json\/wp\/v2\/pages\/3087\/revisions\/9930"}],"wp:attachment":[{"href":"https:\/\/setursa.com\/fr\/wp-json\/wp\/v2\/media?parent=3087"}],"curies":[{"name":"wp","href":"https:\/\/api.w.org\/{rel}","templated":true}]}}